{"id":464,"date":"2014-09-30T09:59:39","date_gmt":"2014-09-30T08:59:39","guid":{"rendered":"http:\/\/maisonafricaine.be\/fr\/?page_id=464"},"modified":"2017-03-19T11:08:13","modified_gmt":"2017-03-19T10:08:13","slug":"faire-un-don","status":"publish","type":"page","link":"https:\/\/maisonafricaine.be\/fr\/dons\/faire-un-don\/","title":{"rendered":"Faire un don"},"content":{"rendered":"<p>Avec 40 euros, vous pouvez prolonger le s\u00e9jour d&rsquo;un \u00e9tudiant de 2 mois. Cette p\u00e9riode de temps permet ainsi \u00e0 l&rsquo;\u00e9tudiant de passer ses examens et ensuite d&rsquo;exercer son m\u00e9tier dans son pays.<\/p>\n<p>Avec un don de 5 euros par mois pendant un an, soit moins de 0,16 euros par jour, vous pouvez prolonger son s\u00e9jour de 4 mois.<\/p>\n<p>Si vous souhaitez nous soutenir, vous pouvez faire un don sur le compte repris ci-dessous en mentionnant la communication \u00abDon\u00bb.<\/p>\n<p>BNP Fortis Paribas<br \/>\nIBAN BE08 2100-8356-1613<br \/>\nBIC GEBABEBB<\/p>\n<p>Si la somme totale est sup\u00e9rieure ou \u00e9gale \u00e0 40 \u20ac en fin d\u2019ann\u00e9e, vous b\u00e9n\u00e9ficierez \u00e9galement d\u2019une attestation fiscale.<\/p>\n","protected":false},"excerpt":{"rendered":"<p>Avec 40 euros, vous pouvez prolonger le s\u00e9jour d&rsquo;un \u00e9tudiant de 2 mois. Cette p\u00e9riode de temps permet ainsi \u00e0 l&rsquo;\u00e9tudiant de passer ses examens et ensuite d&rsquo;exercer son m\u00e9tier dans son pays. Avec un don de 5 euros par mois pendant un an, soit moins de 0,16 euros par [&hellip;]<\/p>\n","protected":false},"author":1,"featured_media":0,"parent":23,"menu_order":0,"comment_status":"closed","ping_status":"closed","template":"template-fullwidth.php","meta":{"footnotes":""},"class_list":["post-464","page","type-page","status-publish","hentry"],"_links":{"self":[{"href":"https:\/\/maisonafricaine.be\/fr\/wp-json\/wp\/v2\/pages\/464","targetHints":{"allow":["GET"]}}],"collection":[{"href":"https:\/\/maisonafricaine.be\/fr\/wp-json\/wp\/v2\/pages"}],"about":[{"href":"https:\/\/maisonafricaine.be\/fr\/wp-json\/wp\/v2\/types\/page"}],"author":[{"embeddable":true,"href":"https:\/\/maisonafricaine.be\/fr\/wp-json\/wp\/v2\/users\/1"}],"replies":[{"embeddable":true,"href":"https:\/\/maisonafricaine.be\/fr\/wp-json\/wp\/v2\/comments?post=464"}],"version-history":[{"count":4,"href":"https:\/\/maisonafricaine.be\/fr\/wp-json\/wp\/v2\/pages\/464\/revisions"}],"predecessor-version":[{"id":2538,"href":"https:\/\/maisonafricaine.be\/fr\/wp-json\/wp\/v2\/pages\/464\/revisions\/2538"}],"up":[{"embeddable":true,"href":"https:\/\/maisonafricaine.be\/fr\/wp-json\/wp\/v2\/pages\/23"}],"wp:attachment":[{"href":"https:\/\/maisonafricaine.be\/fr\/wp-json\/wp\/v2\/media?parent=464"}],"curies":[{"name":"wp","href":"https:\/\/api.w.org\/{rel}","templated":true}]}}