{"id":41,"date":"2014-09-27T14:16:25","date_gmt":"2014-09-27T13:16:25","guid":{"rendered":"http:\/\/maisonafricaine.be\/fr\/?page_id=41"},"modified":"2017-03-19T11:06:03","modified_gmt":"2017-03-19T10:06:03","slug":"questions-dintendance","status":"publish","type":"page","link":"https:\/\/maisonafricaine.be\/fr\/questions-dintendance\/","title":{"rendered":"Services inclus"},"content":{"rendered":"<p>Le r\u00e9sident a acc\u00e8s \u00e0:<\/p>\n<ul>\n<li>Un service social<\/li>\n<li>Une chambre \u00e9quip\u00e9e<\/li>\n<li>Des douches et toilettes communes<\/li>\n<li>Acc\u00e8s \u00e0 Internet (gratuit)<\/li>\n<li>Deux salons communs avec TV<\/li>\n<li>Une cuisine collective dans laquelle il dispose d&rsquo;un casier, d&rsquo;un niveau dans 1 frigo et d&rsquo;un petit cong\u00e9lateur collectif.<\/li>\n<\/ul>\n<p>Par ailleurs,\u00a0une <strong>biblioth\u00e8que et 2 salons<\/strong> communs avec TV sont \u00e0 votre disposition au sous-sol.\u00a0\u00a0Des activit\u00e9s ponctuelles sont organis\u00e9es par l\u2019\u00e9quipe d\u2019animation : conf\u00e9rences, expositions, excursions, visites de mus\u00e9es, r\u00e9unions autour d\u2019un repas ou d\u2019un ap\u00e9ritif pour c\u00e9l\u00e9brer la rentr\u00e9e, No\u00ebl, la fin de l\u2019ann\u00e9e acad\u00e9mique&#8230;<\/p>\n<p>Chaque <strong>chambre<\/strong> contient :<\/p>\n<ul>\n<li>Matelas<\/li>\n<li>Armoire(s)<\/li>\n<li>Prot\u00e8ge(s) matelas<\/li>\n<li>Table(s) de travail + si\u00e8ge(s)<\/li>\n<li>Couverture(s)<\/li>\n<li>Lavabo(s) Oreiller(s)<\/li>\n<li>Draps et taie(s)<\/li>\n<li>Chauff\u00e9, \u00e9clair\u00e9<\/li>\n<li>Eau<\/li>\n<\/ul>\n<p>A votre arriv\u00e9e, votre lit est \u00e9quip\u00e9 d\u2019une paire de draps propres et d\u2019une taie d\u2019oreiller. Ils seront chang\u00e9s au moins une fois par mois.\u00a0\u00a0La propret\u00e9 de votre chambre vous incombe.<\/p>\n<p>Les r\u00e9sidents ont acc\u00e8s \u00e0 une<strong> cuisine collective<\/strong> dans laquelle\u00a0ils disposent d&rsquo;un casier, d&rsquo;un niveau dans\u00a0un frigo et d&rsquo;un petit cong\u00e9lateur collectif. Il y a \u00e9galement 6 \u00e0 8 taques \u00e9lectriques dans chacune des 5 cuisines.<br \/>\nLa cuisine est \u00e0 votre disposition aux heures indiqu\u00e9es sur la porte.<br \/>\nDu pain surgel\u00e9, vendu \u00e0 un tarif tr\u00e8s modique, est \u00e9galement disponible aux heures de permanence.<\/p>\n<p><strong>S\u00e9curit\u00e9 et nuits<\/strong> : La Maison est s\u00e9curis\u00e9e. En cas de r\u00e9el probl\u00e8me de nuit (et seulement dans ce cas), vous trouverez les coordonn\u00e9es des responsables de nuit sur la porte \u00e0 c\u00f4t\u00e9 du bureau de la direction.<\/p>\n","protected":false},"excerpt":{"rendered":"<p>Le r\u00e9sident a acc\u00e8s \u00e0: Un service social Une chambre \u00e9quip\u00e9e Des douches et toilettes communes Acc\u00e8s \u00e0 Internet (gratuit) Deux salons communs avec TV Une cuisine collective dans laquelle il dispose d&rsquo;un casier, d&rsquo;un niveau dans 1 frigo et d&rsquo;un petit cong\u00e9lateur collectif. Par ailleurs,\u00a0une biblioth\u00e8que et 2 salons [&hellip;]<\/p>\n","protected":false},"author":1,"featured_media":0,"parent":0,"menu_order":0,"comment_status":"closed","ping_status":"closed","template":"template-fullwidth.php","meta":{"footnotes":""},"class_list":["post-41","page","type-page","status-publish","hentry"],"_links":{"self":[{"href":"https:\/\/maisonafricaine.be\/fr\/wp-json\/wp\/v2\/pages\/41","targetHints":{"allow":["GET"]}}],"collection":[{"href":"https:\/\/maisonafricaine.be\/fr\/wp-json\/wp\/v2\/pages"}],"about":[{"href":"https:\/\/maisonafricaine.be\/fr\/wp-json\/wp\/v2\/types\/page"}],"author":[{"embeddable":true,"href":"https:\/\/maisonafricaine.be\/fr\/wp-json\/wp\/v2\/users\/1"}],"replies":[{"embeddable":true,"href":"https:\/\/maisonafricaine.be\/fr\/wp-json\/wp\/v2\/comments?post=41"}],"version-history":[{"count":38,"href":"https:\/\/maisonafricaine.be\/fr\/wp-json\/wp\/v2\/pages\/41\/revisions"}],"predecessor-version":[{"id":681,"href":"https:\/\/maisonafricaine.be\/fr\/wp-json\/wp\/v2\/pages\/41\/revisions\/681"}],"wp:attachment":[{"href":"https:\/\/maisonafricaine.be\/fr\/wp-json\/wp\/v2\/media?parent=41"}],"curies":[{"name":"wp","href":"https:\/\/api.w.org\/{rel}","templated":true}]}}