{"id":39,"date":"2014-09-27T14:16:10","date_gmt":"2014-09-27T13:16:10","guid":{"rendered":"http:\/\/maisonafricaine.be\/fr\/?page_id=39"},"modified":"2018-07-31T10:32:42","modified_gmt":"2018-07-31T09:32:42","slug":"aide-administrative","status":"publish","type":"page","link":"https:\/\/maisonafricaine.be\/fr\/aide-administrative\/","title":{"rendered":"Aides administratives"},"content":{"rendered":"<h4><strong>SERVICE SOCIAL<\/strong><\/h4>\n<p>Un service social\u00a0vous aidera \u00e0 r\u00e9soudre vos probl\u00e8mes administratifs et autres. Mme Nicolay se tient \u00e0 votre disposition tous les matins 8h30 -12h30 et lors de certaines soir\u00e9es. Elle pourra vous conseiller pour vos premiers achats d\u2019installation et vous procurera de bonnes adresses.<\/p>\n<p>Le service social consiste en un lieu d\u2019\u00e9coute, d\u2019assistance, d\u2019aide et d\u2019orientation. Il accueille les \u00e9tudiants logeant \u00e0 la Maison Africaine ainsi que les Africains n\u00e9cessiteux r\u00e9sidant \u00e0 Bruxelles.<\/p>\n<p>Les actions du service social se r\u00e9partissent en 4 cat\u00e9gories:<\/p>\n<ul>\n<li>aide individuelle<\/li>\n<li>actions et services collectifs : banque alimentaire, vestiaire et animations<\/li>\n<li>actions communautaires: participation des usagers \u00e0 certaines campagnes d\u2019information sur des projets<\/li>\n<li>collaborations : avec le Service pour Etudiants et Stagiaires Etrangers (SESE), les services sociaux des universit\u00e9s et instituts sup\u00e9rieurs; l\u2019Office R\u00e9gional Bruxellois de l\u2019Emploi (ACTIRIS), les autres foyers d\u2019h\u00e9bergement, la ligue des familles,\u2026<\/li>\n<\/ul>\n<p>De nombreux Africains r\u00e9sidant \u00e0 Bruxelles recherchent une aide leur permettant de mener une vie conforme \u00e0 la dignit\u00e9 humaine et\/ou de mener \u00e0 bien leurs \u00e9tudes. L\u2019accueil et l\u2019\u00e9coute de l\u2019usager en difficult\u00e9 permettent de lui transmettre une information ad\u00e9quate, de l\u2019orienter dans ses d\u00e9marches et, si n\u00e9cessaire, de l\u2019aider dans la recherche de moyens financiers. Les services rendus aux \u00e9tudiants le sont toujours dans la perspective de les aider \u00e0 r\u00e9aliser leurs \u00e9tudes dans les meilleures conditions possibles. Il ne s\u2019agit donc pas uniquement d\u2019un service social \u00e0 court terme.<\/p>\n<p>Afin d&rsquo;\u00e9viter toutes difficult\u00e9s d&rsquo;int\u00e9gration, nous restons \u00e0 votre disposition pour r\u00e9pondre \u00e0 vos questions. Par ailleurs, nous vous invitons \u00e0 consulter notre <a href=\"http:\/\/maisonafricaine.be\/fr\/wp-content\/uploads\/2017\/09\/Brochure-comp\u00e9tences-interculturelles-Septembre-2017.pdf\">brochure sur le d\u00e9veloppement des comp\u00e9tences interculturelles en situation d&rsquo;expatriation.<\/a><\/p>\n<hr \/>\n<h4><strong>AIDE ALIMENTAIRE\u00a0<\/strong><\/h4>\n<p>Les \u00abnon boursiers\u00bb ont exclusivement la possibilit\u00e9, apr\u00e8s en avoir fait la demande au service social, de b\u00e9n\u00e9ficier d&rsquo;un colis mensuel de la <strong>Banque alimentaire.\u00a0<\/strong><\/p>\n<ul>\n<li><strong>Distribution de 20 tonnes\/an<\/strong><\/li>\n<\/ul>\n<p>Nous sommes parmi les plus anciens adh\u00e9rents de la Banque alimentaire Bruxelles Brabant. D\u00e8s le d\u00e9but des activit\u00e9s de cette institution, S\u0153ur Fran\u00e7oise Gildemyn \u2013 un des piliers de la Maison jusqu\u2019en 1996 \u2013 saisissait cette opportunit\u00e9 d\u2019aider les \u00e9tudiants en difficult\u00e9 qui vivaient sous notre toit. Son action s\u2019\u00e9largit rapidement \u00e0 des \u00e9tudiants r\u00e9sidant en ville puis \u00e0 des familles aux ressources insuffisantes.<\/p>\n<p>Il y a donc pas moins de 20 ans que la Maison Africaine b\u00e9n\u00e9ficie de l\u2019action de la Banque alimentaire pour en arriver aujourd\u2019hui \u00e0 rendre service \u00e0 une trentaine d\u2019\u00e9tudiants internes et approximativement 150 personnes externes r\u00e9parties en une quarantaine de familles et d\u2019isol\u00e9s africains de l\u2019agglom\u00e9ration. Bon an, mal an, nous distribuons chaque ann\u00e9e quelque 15 tonnes de produits alimentaires (dont des produits de l\u2019UE) sous forme de colis conditionn\u00e9s \u00e0 la taille des familles.<\/p>\n<p>L\u2019action de la banque alimentaire est b\u00e9n\u00e9fique \u00e0 plus d\u2019un titre: le budget \u00ab nourriture \u00bb des b\u00e9n\u00e9ficiaires est all\u00e9g\u00e9 et leur permet ainsi d\u2019assumer d\u2019autres charges fondamentales (payement des \u00e9tudes, \u2026). De plus, des liens se cr\u00e9ent, des recettes s\u2019\u00e9changent, une certaine convivialit\u00e9 s\u2019installe. Des familles du Nord et du c\u0153ur de l\u2019Afrique sympathisent. La d\u00e9pense d\u2019\u00e9nergie des responsables et des b\u00e9n\u00e9voles est donc largement r\u00e9compens\u00e9e par ce bilan positif.<\/p>\n<p>La Banque alimentaire est actuellement g\u00e9r\u00e9e par notre Assistante sociale aid\u00e9e par des collaborateurs b\u00e9n\u00e9voles et par des \u00e9tudiants r\u00e9sidents \u00e0 la Maison Africaine.<\/p>\n<p>_____________________________________________________________<\/p>\n<h4><strong>L\u00c9GISLATIONS<\/strong><\/h4>\n<p>Nous vous invitons \u00e0 prendre connaissance de <a href=\"http:\/\/maisonafricaine.be\/fr\/wp-content\/uploads\/2018\/07\/Le\u0301gislation-se\u0301jour-e\u0301tudiant-2018.07.pdf\">nos nouvelles l\u00e9gislations pour les \u00e9tudiants \u00e9trangers (Non-EU)<\/a>.<\/p>\n","protected":false},"excerpt":{"rendered":"<p>SERVICE SOCIAL Un service social\u00a0vous aidera \u00e0 r\u00e9soudre vos probl\u00e8mes administratifs et autres. Mme Nicolay se tient \u00e0 votre disposition tous les matins 8h30 -12h30 et lors de certaines soir\u00e9es. Elle pourra vous conseiller pour vos premiers achats d\u2019installation et vous procurera de bonnes adresses. Le service social consiste en [&hellip;]<\/p>\n","protected":false},"author":1,"featured_media":0,"parent":0,"menu_order":0,"comment_status":"closed","ping_status":"closed","template":"template-fullwidth.php","meta":{"footnotes":""},"class_list":["post-39","page","type-page","status-publish","hentry"],"_links":{"self":[{"href":"https:\/\/maisonafricaine.be\/fr\/wp-json\/wp\/v2\/pages\/39","targetHints":{"allow":["GET"]}}],"collection":[{"href":"https:\/\/maisonafricaine.be\/fr\/wp-json\/wp\/v2\/pages"}],"about":[{"href":"https:\/\/maisonafricaine.be\/fr\/wp-json\/wp\/v2\/types\/page"}],"author":[{"embeddable":true,"href":"https:\/\/maisonafricaine.be\/fr\/wp-json\/wp\/v2\/users\/1"}],"replies":[{"embeddable":true,"href":"https:\/\/maisonafricaine.be\/fr\/wp-json\/wp\/v2\/comments?post=39"}],"version-history":[{"count":13,"href":"https:\/\/maisonafricaine.be\/fr\/wp-json\/wp\/v2\/pages\/39\/revisions"}],"predecessor-version":[{"id":2742,"href":"https:\/\/maisonafricaine.be\/fr\/wp-json\/wp\/v2\/pages\/39\/revisions\/2742"}],"wp:attachment":[{"href":"https:\/\/maisonafricaine.be\/fr\/wp-json\/wp\/v2\/media?parent=39"}],"curies":[{"name":"wp","href":"https:\/\/api.w.org\/{rel}","templated":true}]}}