{"id":35,"date":"2014-09-27T14:15:35","date_gmt":"2014-09-27T13:15:35","guid":{"rendered":"http:\/\/maisonafricaine.be\/fr\/?page_id=35"},"modified":"2017-03-26T10:40:27","modified_gmt":"2017-03-26T09:40:27","slug":"formalites-prealables","status":"publish","type":"page","link":"https:\/\/maisonafricaine.be\/fr\/formalites-prealables\/","title":{"rendered":"Formalit\u00e9s pr\u00e9alables"},"content":{"rendered":"<div id=\"pl-35\"  class=\"panel-layout\" ><div id=\"pg-35-0\"  class=\"panel-grid panel-no-style\" ><div id=\"pgc-35-0-0\"  class=\"panel-grid-cell\" ><div id=\"panel-35-0-0-0\" class=\"so-panel widget widget_sow-editor panel-first-child panel-last-child\" data-index=\"0\" ><div class=\"panel-widget-style panel-widget-style-for-35-0-0-0\" ><div\n\t\t\t\n\t\t\tclass=\"so-widget-sow-editor so-widget-sow-editor-base\"\n\t\t\t\n\t\t><h3 class=\"widget-title\">Principe<\/h3>\n<div class=\"siteorigin-widget-tinymce textwidget\">\n\t<p>En r\u00e8gle g\u00e9n\u00e9rale, l\u2019autorisation de s\u00e9journer plus de 3 mois en Belgique est accord\u00e9e \u00e0 l\u2019\u00e9tudiant \u00e9tranger qui souhaite poursuivre des \u00e9tudes sup\u00e9rieures ou une ann\u00e9e pr\u00e9paratoire aux \u00e9tudes sup\u00e9rieures, en qualit\u00e9 d\u2019\u00e9l\u00e8ve r\u00e9gulier, dans un \u00e9tablissement d\u2019enseignement organis\u00e9, reconnu ou subsidi\u00e9 par les pouvoirs publics.<\/p>\n<\/div>\n<\/div><\/div><\/div><\/div><\/div><div id=\"pg-35-1\"  class=\"panel-grid panel-no-style\" ><div id=\"pgc-35-1-0\"  class=\"panel-grid-cell\" ><div id=\"panel-35-1-0-0\" class=\"so-panel widget widget_sow-editor panel-first-child\" data-index=\"1\" ><div\n\t\t\t\n\t\t\tclass=\"so-widget-sow-editor so-widget-sow-editor-base\"\n\t\t\t\n\t\t><h3 class=\"widget-title\">O\u00f9 introduire ma demande?<\/h3>\n<div class=\"siteorigin-widget-tinymce textwidget\">\n\t<p>Vous introduisez votre demande d\u2019autorisation de s\u00e9jour (visa D) aupr\u00e8s du consulat belge comp\u00e9tent pour le pays o\u00f9 vous r\u00e9sidez habituellement.\u00a0Vous vous y pr\u00e9sentez en personne.<\/p>\n<p>Vous cherchez le consulat belge voici le lien : <a href=\"http:\/\/diplomatie.belgium.be\/fr\/Services\/Ambassades_et_consulats\/ambassades_et_consulats_belges_a_l_etranger\/\">Adresses des ambassades et consulats belges \u00e0 l\u2019\u00e9tranger<\/a><\/p>\n<\/div>\n<\/div><\/div><div id=\"panel-35-1-0-1\" class=\"so-panel widget widget_sow-editor panel-last-child\" data-index=\"2\" ><div\n\t\t\t\n\t\t\tclass=\"so-widget-sow-editor so-widget-sow-editor-base\"\n\t\t\t\n\t\t><h3 class=\"widget-title\">Qui traite ma demande de visa?<\/h3>\n<div class=\"siteorigin-widget-tinymce textwidget\">\n\t<p>En r\u00e8gle g\u00e9n\u00e9rale, la d\u00e9cision est prise par l\u2019Office des Etrangers.<\/p>\n<\/div>\n<\/div><\/div><\/div><div id=\"pgc-35-1-1\"  class=\"panel-grid-cell\" ><div id=\"panel-35-1-1-0\" class=\"so-panel widget widget_sow-editor panel-first-child panel-last-child\" data-index=\"3\" ><div\n\t\t\t\n\t\t\tclass=\"so-widget-sow-editor so-widget-sow-editor-base\"\n\t\t\t\n\t\t><h3 class=\"widget-title\">Recommandations<\/h3>\n<div class=\"siteorigin-widget-tinymce textwidget\">\n\t<p>Commencez par consulter le web site du consulat comp\u00e9tent pour toute information sur les modalit\u00e9s pratiques \u00e0 respecter pour l\u2019introduction de votre demande de visa. Il est possible que vous deviez prendre rendez-vous. Il est possible aussi que le consulat coop\u00e8re avec un prestataire de services externe auquel diverses t\u00e2ches sont confi\u00e9es (information, prise de rendez-vous, r\u00e9ception des demandes etc.). Dans ce cas, des frais de service suppl\u00e9mentaires seront per\u00e7us.<\/p>\n<p>Tenez \u00e9galement compte du fait que le consulat peut vous inviter pour un entretien ou demander des documents suppl\u00e9mentaires.<\/p>\n<p>Enfin, soyez attentif \u00e0 la p\u00e9riode durant laquelle vous voyagerez; le d\u00e9lai d\u2019obtention d\u2019un rendez-vous et le d\u00e9lai de traitement de votre demande de visa sont in\u00e9vitablement plus longs \u00e0 certaines \u00e9poques.<\/p>\n<p>Bref, veillez \u00e0 introduire votre demande de visa suffisamment t\u00f4t pour \u00e9viter toute d\u00e9convenue et frais inutiles.<\/p>\n<\/div>\n<\/div><\/div><\/div><\/div><div id=\"pg-35-2\"  class=\"panel-grid panel-no-style\" ><div id=\"pgc-35-2-0\"  class=\"panel-grid-cell\" ><div id=\"panel-35-2-0-0\" class=\"so-panel widget widget_sow-editor panel-first-child\" data-index=\"4\" ><div\n\t\t\t\n\t\t\tclass=\"so-widget-sow-editor so-widget-sow-editor-base\"\n\t\t\t\n\t\t><h3 class=\"widget-title\">Quels documents joindre \u00e0 la demande?<\/h3>\n<div class=\"siteorigin-widget-tinymce textwidget\">\n\t<p><em>Votre dossier doit imp\u00e9rativement contenir<\/em>:<\/p>\n<p style=\"padding-left: 30px;\">- un formulaire de demande de visa compl\u00e9t\u00e9 et sign\u00e9<\/p>\n<p style=\"padding-left: 30px;\">- un document de voyage dans lequel un visa peut \u00eatre appos\u00e9 et dont la dur\u00e9e de validit\u00e9 est sup\u00e9rieure \u00e0 12 mois (p.ex. un passeport)<\/p>\n<p style=\"padding-left: 30px;\">- un document relatif aux \u00e9tudes envisag\u00e9es:<\/p>\n<p style=\"padding-left: 60px;\">- <strong>soit<\/strong> une attestation d\u2019inscription en qualit\u00e9 d\u2019\u00e9tudiant r\u00e9gulier dans l\u2019enseignement sup\u00e9rieur, d\u00e9livr\u00e9e par un \u00e9tablissement d\u2019enseignement organis\u00e9, reconnu ou subsidi\u00e9 par les pouvoirs publics<\/p>\n<p style=\"padding-left: 60px;\">-\u00a0<strong>soit<\/strong>, si vous suivez un enseignement \u00e0 horaire r\u00e9duit, la preuve que cet enseignement sera votre activit\u00e9 principale et la pr\u00e9paration ou le compl\u00e9ment d\u2019un enseignement de plein exercice<\/p>\n<p style=\"padding-left: 60px;\">- <strong>soit<\/strong>, si vous suivez une ann\u00e9e pr\u00e9paratoire \u00e0 l\u2019enseignement sup\u00e9rieur, la preuve du caract\u00e8re pr\u00e9paratoire aux \u00e9tudes sup\u00e9rieures envisag\u00e9es de votre formation.<\/p>\n<p style=\"padding-left: 30px;\">- la preuve que vous remplissez les conditions pour acc\u00e9der \u00e0 l\u2019enseignement sup\u00e9rieur, c\u2019est-\u00e0-dire, vos dipl\u00f4mes et relev\u00e9s de notes, une attestation de prise en compte de votre demande d\u2019\u00e9quivalence de dipl\u00f4me ou la d\u00e9cision ou d\u00e9p\u00eache d\u2019\u00e9quivalence<\/p>\n<p style=\"padding-left: 30px;\">- la preuve que vous avez des moyens de subsistance suffisants<\/p>\n<p style=\"padding-left: 30px;\">- un certificat m\u00e9dical attestant que vous n\u2019\u00eates pas atteint d\u2019une des maladies pouvant mettre en danger la sant\u00e9 publique<\/p>\n<p style=\"padding-left: 30px;\">- si vous avez plus de 21 ans, un certificat attestant l\u2019absence de condamnation.<\/p>\n<p>Vous d\u00e9posez les documents originaux, ainsi qu\u2019une photocopie. Les originaux vous seront rendus.<\/p>\n<p>Les documents officiels \u00e9trangers doivent \u00eatre l\u00e9galis\u00e9s ou rev\u00eatus d\u2019une apostille, \u00e0 moins qu\u2019une dispense soit pr\u00e9vue. Toute l\u2019information utile sur cette formalit\u00e9 est disponible sur le web site du SPF Affaires \u00e9trang\u00e8res (<a href=\"http:\/\/diplomatie.belgium.be\/fr\/\">http:\/\/diplomatie.belgium.be<\/a>)<\/p>\n<p>Les documents \u00e9tablis \u00e0 l\u2019\u00e9tranger dans une autre langue que l\u2019allemand, le fran\u00e7ais ou le n\u00e9erlandais, font l\u2019objet d\u2019une traduction par un traducteur jur\u00e9. Cette traduction doit \u00eatre l\u00e9galis\u00e9e comme un document distinct suivant la proc\u00e9dure pr\u00e9vue dans le pays d\u2019origine, puis par le consulat belge comp\u00e9tent.<\/p>\n<\/div>\n<\/div><\/div><div id=\"panel-35-2-0-1\" class=\"so-panel widget widget_sow-editor\" data-index=\"5\" ><div\n\t\t\t\n\t\t\tclass=\"so-widget-sow-editor so-widget-sow-editor-base\"\n\t\t\t\n\t\t><h3 class=\"widget-title\">Quel visa vais-je recevoir?<\/h3>\n<div class=\"siteorigin-widget-tinymce textwidget\">\n\t<p>Vous recevez un visa D (visa national de long s\u00e9jour).<\/p>\n<p>Le visa \u00ab\u00a0D\u00a0\u00bb a les m\u00eames effets qu\u2019une carte de s\u00e9jour en ce qui concerne la libre circulation sur le territoire SCHENGEN.<\/p>\n<p>Vous \u00eates par cons\u00e9quent autoris\u00e9 \u00e0 vous rendre dans un autre Etat SCHENGEN pour une dur\u00e9e totale n\u2019exc\u00e9dant pas 3 mois sur une p\u00e9riode de 6 mois, \u00e0 compter de la date de votre premi\u00e8re entr\u00e9e sur le territoire SCHENGEN.<\/p>\n<p>Cependant, en cas de contr\u00f4le, vous devez \u00eatre capable de d\u00e9montrer que vous respectez les conditions d\u2019entr\u00e9e sur le territoire SCHENGEN et ne pas faire l\u2019objet d\u2019un signalement par l\u2019Etat SCHENGEN sur le territoire duquel vous vous rendez.<\/p>\n<p>Si vous ne remplissez pas les conditions d\u2019entr\u00e9e, vous pourrez n\u00e9anmoins \u00eatre autoris\u00e9 \u00e0 transiter vers l\u2019Etat SCHENGEN qui a d\u00e9livr\u00e9 le visa D.<\/p>\n<\/div>\n<\/div><\/div><div id=\"panel-35-2-0-2\" class=\"so-panel widget widget_sow-editor\" data-index=\"6\" ><div\n\t\t\t\n\t\t\tclass=\"so-widget-sow-editor so-widget-sow-editor-base\"\n\t\t\t\n\t\t><h3 class=\"widget-title\">Ma demande est rejet\u00e9e\u2026Que faire?<\/h3>\n<div class=\"siteorigin-widget-tinymce textwidget\">\n\t<p>Cette d\u00e9cision rel\u00e8ve de la comp\u00e9tence exclusive de l\u2019Office des Etrangers. Elle vous est notifi\u00e9e par le consulat. Vous pouvez introduire un recours.<\/p>\n<p>Les informations relatives aux voies de recours sont donn\u00e9es sur le formulaire de refus.<\/p>\n<p>Par respect pour votre vie priv\u00e9e, ni le consulat, ni le SPF Affaires \u00e9trang\u00e8res, ni le call center de l\u2019Office des Etrangers ne communiquent les motifs du refus \u00e0 des tiers, fussent-ils votre h\u00f4te ou votre garant. Ces motifs peuvent par contre \u00eatre communiqu\u00e9s \u00e0 votre avocat, s\u2019il en fait la demande par \u00e9crit \u00e0 l\u2019Office des Etrangers.<\/p>\n<\/div>\n<\/div><\/div><div id=\"panel-35-2-0-3\" class=\"so-panel widget widget_sow-editor\" data-index=\"7\" ><div\n\t\t\t\n\t\t\tclass=\"so-widget-sow-editor so-widget-sow-editor-base\"\n\t\t\t\n\t\t><h3 class=\"widget-title\">J\u2019attends mon visa, o\u00f9 m\u2019informer?<\/h3>\n<div class=\"siteorigin-widget-tinymce textwidget\">\n\t<p>Adressez-vous en priorit\u00e9 au consulat, en respectant les modalit\u00e9s pratiques renseign\u00e9es sur son web site (heures d\u2019ouverture, contacts etc).<\/p>\n<p>Si votre demande a \u00e9t\u00e9 transmise \u00e0 l\u2019Office des Etrangers pour d\u00e9cision, commencez par consulter la rubrique \u00ab\u00a0O\u00f9 en est ma demande de visa?\u00bb Introduisez la r\u00e9f\u00e9rence de votre demande de visa et la localisation du consulat comp\u00e9tent et vous obtiendrez une information sur son statut.<\/p>\n<p>En dernier recours, contactez le call center de l\u2019Office des Etrangers par t\u00e9l\u00e9phone (+ 32 2 793 80 00) ou par courriel (<a href=\"mailto:helpdesk.dvzoe@bz.fgov.be\">helpdesk.dvzoe@bz.fgov.be<\/a>)<\/p>\n<\/div>\n<\/div><\/div><div id=\"panel-35-2-0-4\" class=\"so-panel widget widget_sow-editor panel-last-child\" data-index=\"8\" ><div\n\t\t\t\n\t\t\tclass=\"so-widget-sow-editor so-widget-sow-editor-base\"\n\t\t\t\n\t\t><h3 class=\"widget-title\">L\u2019inscription \u00e0 l\u2019administration communale<\/h3>\n<div class=\"siteorigin-widget-tinymce textwidget\">\n\t<p>La Maison Africaine se charge de l\u2019ensemble des d\u00e9marches relatives \u00e0 cette inscription. Pr\u00e9sentez-vous \u00e0 l\u2019administration communale du lieu o\u00f9 vous r\u00e9sidez dans les 8 jours qui suivent votre entr\u00e9e en Belgique.<\/p>\n<p>Vous recevrez une carte de s\u00e9jour (carte A).<\/p>\n<p style=\"padding-left: 30px;\">- Cette carte de s\u00e9jour est inscrite sur la liste des titres de s\u00e9jour d\u00e9livr\u00e9s par les Etats SCHENGEN permettant l\u2019entr\u00e9e sans visa. En r\u00e8gle g\u00e9n\u00e9rale, vous demandez le renouvellement de votre carte de s\u00e9jour entre le 45\u00e8me et le 30\u00e8me jour pr\u00e9c\u00e9dant la date de fin de validit\u00e9.<\/p>\n<\/div>\n<\/div><\/div><\/div><\/div><\/div>","protected":false},"excerpt":{"rendered":"<p>En r\u00e8gle g\u00e9n\u00e9rale, l\u2019autorisation de s\u00e9journer plus de 3 mois en Belgique est accord\u00e9e \u00e0 l\u2019\u00e9tudiant \u00e9tranger qui souhaite poursuivre des \u00e9tudes sup\u00e9rieures ou une ann\u00e9e pr\u00e9paratoire aux \u00e9tudes sup\u00e9rieures, en qualit\u00e9 d\u2019\u00e9l\u00e8ve r\u00e9gulier, dans un \u00e9tablissement d\u2019enseignement organis\u00e9, reconnu ou subsidi\u00e9 par les pouvoirs publics. Vous introduisez votre demande [&hellip;]<\/p>\n","protected":false},"author":1,"featured_media":0,"parent":0,"menu_order":0,"comment_status":"closed","ping_status":"closed","template":"template-fullwidth.php","meta":{"footnotes":""},"class_list":["post-35","page","type-page","status-publish","hentry"],"_links":{"self":[{"href":"https:\/\/maisonafricaine.be\/fr\/wp-json\/wp\/v2\/pages\/35","targetHints":{"allow":["GET"]}}],"collection":[{"href":"https:\/\/maisonafricaine.be\/fr\/wp-json\/wp\/v2\/pages"}],"about":[{"href":"https:\/\/maisonafricaine.be\/fr\/wp-json\/wp\/v2\/types\/page"}],"author":[{"embeddable":true,"href":"https:\/\/maisonafricaine.be\/fr\/wp-json\/wp\/v2\/users\/1"}],"replies":[{"embeddable":true,"href":"https:\/\/maisonafricaine.be\/fr\/wp-json\/wp\/v2\/comments?post=35"}],"version-history":[{"count":20,"href":"https:\/\/maisonafricaine.be\/fr\/wp-json\/wp\/v2\/pages\/35\/revisions"}],"predecessor-version":[{"id":2661,"href":"https:\/\/maisonafricaine.be\/fr\/wp-json\/wp\/v2\/pages\/35\/revisions\/2661"}],"wp:attachment":[{"href":"https:\/\/maisonafricaine.be\/fr\/wp-json\/wp\/v2\/media?parent=35"}],"curies":[{"name":"wp","href":"https:\/\/api.w.org\/{rel}","templated":true}]}}