{"id":2867,"date":"2021-08-27T15:32:54","date_gmt":"2021-08-27T14:32:54","guid":{"rendered":"http:\/\/maisonafricaine.be\/fr\/hestia-front\/"},"modified":"2021-08-27T20:44:22","modified_gmt":"2021-08-27T19:44:22","slug":"hestia-front","status":"publish","type":"page","link":"https:\/\/maisonafricaine.be\/fr\/","title":{"rendered":"Qui sommes-nous?"},"content":{"rendered":"\n<p><\/p>\n\n\n\n<div class=\"wp-block-media-text alignwide is-stacked-on-mobile\"><figure class=\"wp-block-media-text__media\"><img loading=\"lazy\" decoding=\"async\" width=\"1024\" height=\"725\" src=\"http:\/\/maisonafricaine.be\/fr\/wp-content\/uploads\/2017\/03\/Monique-1024x725.png\" alt=\"\" class=\"wp-image-2479 size-full\" srcset=\"https:\/\/maisonafricaine.be\/fr\/wp-content\/uploads\/2017\/03\/Monique-1024x725.png 1024w, https:\/\/maisonafricaine.be\/fr\/wp-content\/uploads\/2017\/03\/Monique-300x212.png 300w, https:\/\/maisonafricaine.be\/fr\/wp-content\/uploads\/2017\/03\/Monique-768x544.png 768w, https:\/\/maisonafricaine.be\/fr\/wp-content\/uploads\/2017\/03\/Monique-600x425.png 600w, https:\/\/maisonafricaine.be\/fr\/wp-content\/uploads\/2017\/03\/Monique.png 1107w\" sizes=\"auto, (max-width: 1024px) 100vw, 1024px\" \/><\/figure><div class=\"wp-block-media-text__content\">\n<p style=\"font-size:15px\">Cr\u00e9\u00e9e en 1961 et destin\u00e9e \u00e0 accueillir des \u00e9tudiants congolais, la Maison Africaine s\u2019est ouverte \u00e0 l\u2019ensemble du monde et accueille aujourd\u2019hui plus de 25 nationalit\u00e9s. La Maison Africaine soutient les \u00e9tudiants internationaux venus en Belgique pour poursuivre ou cl\u00f4turer leurs \u00e9tudes. Plus de 150 \u00e9tudiants et stagiaires sont accueillis chaque ann\u00e9e. Nous disposons \u00e0 cet effet 80 chambres r\u00e9parties dans 2 immeubles.<\/p>\n\n\n\n<p style=\"font-size:15px\">La Maison Africaine est situ\u00e9e \u00e0 quelques pas de la Porte de Namur \u00e0 Ixelles (1050 Bruxelles). Quartier qui vous offre trois ambiances:<\/p>\n\n\n\n<ul class=\"wp-block-list\" style=\"font-size:15px\"><li>La chauss\u00e9e d\u2019Ixelles, deuxi\u00e8me axe commer\u00e7ant de Bruxelles, regorge de commerces d\u00e9di\u00e9s \u00e0 la mode, \u00e0 la d\u00e9coration et aux loisirs<\/li><li>Le Saint-Boniface, caf\u00e9s et restaurants baignent dans une atmosph\u00e8re branch\u00e9e et cosmopolite<\/li><li>Le Matonge, les commerces d\u2019alimentation exotique, de beaut\u00e9, de pagnes; et la Maison Africaine est situ\u00e9e \u00e9galement \u00e0 quelques pas du Parlement europ\u00e9en.<\/li><\/ul>\n\n\n\n<p style=\"font-size:15px\">La Maison Africaine a l\u2019avantage de faire partie d\u2019un r\u00e9seau associatif dense et en expansion.<\/p>\n\n\n\n<p style=\"font-size:15px\"><em>Nos partenaires : La Direction g\u00e9n\u00e9rale de la Coop\u00e9ration au<\/em> <em>d\u00e9veloppement est notre principal partenaire institutionnel et financier. Ce partenariat vise le logement, l\u2019accueil et l\u2019int\u00e9gration des \u00e9tudiants. Nous avons aussi une \u00e9troite collaboration avec le CPAS d\u2019Ixelles dans le cadre de la mesure appel\u00e9e \u00abArticle 60\u00bb<\/em><\/p>\n<\/div><\/div>\n","protected":false},"excerpt":{"rendered":"<p>Cr\u00e9\u00e9e en 1961 et destin\u00e9e \u00e0 accueillir des \u00e9tudiants congolais, la Maison Africaine s\u2019est ouverte \u00e0 l\u2019ensemble du monde et accueille aujourd\u2019hui plus de 25 nationalit\u00e9s. La Maison Africaine soutient les \u00e9tudiants internationaux venus en Belgique pour poursuivre ou cl\u00f4turer leurs \u00e9tudes. Plus de 150 \u00e9tudiants et stagiaires sont accueillis [&hellip;]<\/p>\n","protected":false},"author":1,"featured_media":2482,"parent":0,"menu_order":0,"comment_status":"closed","ping_status":"closed","template":"","meta":{"footnotes":""},"class_list":["post-2867","page","type-page","status-publish","has-post-thumbnail","hentry"],"_links":{"self":[{"href":"https:\/\/maisonafricaine.be\/fr\/wp-json\/wp\/v2\/pages\/2867","targetHints":{"allow":["GET"]}}],"collection":[{"href":"https:\/\/maisonafricaine.be\/fr\/wp-json\/wp\/v2\/pages"}],"about":[{"href":"https:\/\/maisonafricaine.be\/fr\/wp-json\/wp\/v2\/types\/page"}],"author":[{"embeddable":true,"href":"https:\/\/maisonafricaine.be\/fr\/wp-json\/wp\/v2\/users\/1"}],"replies":[{"embeddable":true,"href":"https:\/\/maisonafricaine.be\/fr\/wp-json\/wp\/v2\/comments?post=2867"}],"version-history":[{"count":5,"href":"https:\/\/maisonafricaine.be\/fr\/wp-json\/wp\/v2\/pages\/2867\/revisions"}],"predecessor-version":[{"id":2907,"href":"https:\/\/maisonafricaine.be\/fr\/wp-json\/wp\/v2\/pages\/2867\/revisions\/2907"}],"wp:featuredmedia":[{"embeddable":true,"href":"https:\/\/maisonafricaine.be\/fr\/wp-json\/wp\/v2\/media\/2482"}],"wp:attachment":[{"href":"https:\/\/maisonafricaine.be\/fr\/wp-json\/wp\/v2\/media?parent=2867"}],"curies":[{"name":"wp","href":"https:\/\/api.w.org\/{rel}","templated":true}]}}