{"id":23,"date":"2014-09-27T14:12:29","date_gmt":"2014-09-27T13:12:29","guid":{"rendered":"http:\/\/maisonafricaine.be\/fr\/?page_id=23"},"modified":"2024-10-04T09:46:17","modified_gmt":"2024-10-04T08:46:17","slug":"dons","status":"publish","type":"page","link":"https:\/\/maisonafricaine.be\/fr\/dons\/","title":{"rendered":"Nous aider"},"content":{"rendered":"<p>La Maison Africaine travaille aujourd\u2019hui sur d\u2019importants projets destin\u00e9s \u00e0 am\u00e9liorer l\u2019accueil et l\u2019int\u00e9gration des \u00e9tudiants et stagiaires. La r\u00e9alisation de ces projets d\u00e9pendra entre autres de votre soutien.<\/p>\n<p>Vous pouvez d\u00e8s lors nous aider :<\/p>\n<ul>\n<li><a href=\"http:\/\/maisonafricaine.be\/fr\/?p=464\" target=\"_blank\" rel=\"noopener\">En faisant un don \u00e0 l&rsquo;asbl<\/a><\/li>\n<li><a href=\"http:\/\/maisonafricaine.be\/fr\/?p=798\" target=\"_blank\" rel=\"noopener\">En faisant un leg \u00e0 l&rsquo;asbl<\/a><\/li>\n<\/ul>\n<p><img loading=\"lazy\" decoding=\"async\" class=\"alignleft wp-image-2726 \" src=\"http:\/\/maisonafricaine.be\/fr\/wp-content\/uploads\/2014\/09\/CBD_logo_FR_RGB-1.png\" alt=\"\" width=\"330\" height=\"76\" srcset=\"https:\/\/maisonafricaine.be\/fr\/wp-content\/uploads\/2014\/09\/CBD_logo_FR_RGB-1.png 1374w, https:\/\/maisonafricaine.be\/fr\/wp-content\/uploads\/2014\/09\/CBD_logo_FR_RGB-1-300x69.png 300w, https:\/\/maisonafricaine.be\/fr\/wp-content\/uploads\/2014\/09\/CBD_logo_FR_RGB-1-768x177.png 768w, https:\/\/maisonafricaine.be\/fr\/wp-content\/uploads\/2014\/09\/CBD_logo_FR_RGB-1-1024x236.png 1024w, https:\/\/maisonafricaine.be\/fr\/wp-content\/uploads\/2014\/09\/CBD_logo_FR_RGB-1-600x138.png 600w\" sizes=\"auto, (max-width: 330px) 100vw, 330px\" \/><\/p>\n","protected":false},"excerpt":{"rendered":"<p>La Maison Africaine travaille aujourd\u2019hui sur d\u2019importants projets destin\u00e9s \u00e0 am\u00e9liorer l\u2019accueil et l\u2019int\u00e9gration des \u00e9tudiants et stagiaires. La r\u00e9alisation de ces projets d\u00e9pendra entre autres de votre soutien. Vous pouvez d\u00e8s lors nous aider : En faisant un don \u00e0 l&rsquo;asbl En faisant un leg \u00e0 l&rsquo;asbl<\/p>\n","protected":false},"author":1,"featured_media":0,"parent":0,"menu_order":0,"comment_status":"closed","ping_status":"closed","template":"","meta":{"footnotes":""},"class_list":["post-23","page","type-page","status-publish","hentry"],"_links":{"self":[{"href":"https:\/\/maisonafricaine.be\/fr\/wp-json\/wp\/v2\/pages\/23","targetHints":{"allow":["GET"]}}],"collection":[{"href":"https:\/\/maisonafricaine.be\/fr\/wp-json\/wp\/v2\/pages"}],"about":[{"href":"https:\/\/maisonafricaine.be\/fr\/wp-json\/wp\/v2\/types\/page"}],"author":[{"embeddable":true,"href":"https:\/\/maisonafricaine.be\/fr\/wp-json\/wp\/v2\/users\/1"}],"replies":[{"embeddable":true,"href":"https:\/\/maisonafricaine.be\/fr\/wp-json\/wp\/v2\/comments?post=23"}],"version-history":[{"count":16,"href":"https:\/\/maisonafricaine.be\/fr\/wp-json\/wp\/v2\/pages\/23\/revisions"}],"predecessor-version":[{"id":3042,"href":"https:\/\/maisonafricaine.be\/fr\/wp-json\/wp\/v2\/pages\/23\/revisions\/3042"}],"wp:attachment":[{"href":"https:\/\/maisonafricaine.be\/fr\/wp-json\/wp\/v2\/media?parent=23"}],"curies":[{"name":"wp","href":"https:\/\/api.w.org\/{rel}","templated":true}]}}