{"id":17,"date":"2014-09-27T14:11:56","date_gmt":"2014-09-27T13:11:56","guid":{"rendered":"http:\/\/maisonafricaine.be\/fr\/?page_id=17"},"modified":"2023-02-19T21:14:16","modified_gmt":"2023-02-19T20:14:16","slug":"activites","status":"publish","type":"page","link":"https:\/\/maisonafricaine.be\/fr\/activites\/","title":{"rendered":"Activit\u00e9s"},"content":{"rendered":"<div id=\"pl-17\"  class=\"panel-layout\" ><div id=\"pg-17-0\"  class=\"panel-grid panel-no-style\" ><div id=\"pgc-17-0-0\"  class=\"panel-grid-cell\" ><div id=\"panel-17-0-0-0\" class=\"so-panel widget widget_sow-editor panel-first-child panel-last-child\" data-index=\"0\" ><div\n\t\t\t\n\t\t\tclass=\"so-widget-sow-editor so-widget-sow-editor-base\"\n\t\t\t\n\t\t><h3 class=\"widget-title\">Agenda<\/h3>\n<div class=\"siteorigin-widget-tinymce textwidget\">\n\t<p><a href=\"http:\/\/maisonafricaine.be\/fr\/activites-2023\/\">Activit\u00e9s 2023<\/a><\/p>\n<p><a href=\"http:\/\/maisonafricaine.be\/fr\/activites-2019\/\">Activit\u00e9s 2019<\/a><\/p>\n<p><a href=\"http:\/\/maisonafricaine.be\/fr\/dans-notre-entourage\/\">Activit\u00e9s 2018<\/a><\/p>\n<p><a href=\"http:\/\/maisonafricaine.be\/fr\/wp-content\/uploads\/2017\/11\/ICRC.MaisonAfricaine-2017.11.30.pdf\">ICRC \u00e0 la Maison Africaine<\/a><\/p>\n<\/div>\n<\/div><\/div><\/div><\/div><\/div>","protected":false},"excerpt":{"rendered":"<p>Activit\u00e9s 2023 Activit\u00e9s 2019 Activit\u00e9s 2018 ICRC \u00e0 la Maison Africaine<\/p>\n","protected":false},"author":1,"featured_media":0,"parent":0,"menu_order":0,"comment_status":"closed","ping_status":"closed","template":"","meta":{"footnotes":""},"class_list":["post-17","page","type-page","status-publish","hentry"],"_links":{"self":[{"href":"https:\/\/maisonafricaine.be\/fr\/wp-json\/wp\/v2\/pages\/17","targetHints":{"allow":["GET"]}}],"collection":[{"href":"https:\/\/maisonafricaine.be\/fr\/wp-json\/wp\/v2\/pages"}],"about":[{"href":"https:\/\/maisonafricaine.be\/fr\/wp-json\/wp\/v2\/types\/page"}],"author":[{"embeddable":true,"href":"https:\/\/maisonafricaine.be\/fr\/wp-json\/wp\/v2\/users\/1"}],"replies":[{"embeddable":true,"href":"https:\/\/maisonafricaine.be\/fr\/wp-json\/wp\/v2\/comments?post=17"}],"version-history":[{"count":11,"href":"https:\/\/maisonafricaine.be\/fr\/wp-json\/wp\/v2\/pages\/17\/revisions"}],"predecessor-version":[{"id":2993,"href":"https:\/\/maisonafricaine.be\/fr\/wp-json\/wp\/v2\/pages\/17\/revisions\/2993"}],"wp:attachment":[{"href":"https:\/\/maisonafricaine.be\/fr\/wp-json\/wp\/v2\/media?parent=17"}],"curies":[{"name":"wp","href":"https:\/\/api.w.org\/{rel}","templated":true}]}}