{"id":1343,"date":"2014-12-01T18:20:56","date_gmt":"2014-12-01T17:20:56","guid":{"rendered":"http:\/\/maisonafricaine.be\/fr\/?page_id=1343"},"modified":"2016-11-10T10:17:06","modified_gmt":"2016-11-10T09:17:06","slug":"agenda","status":"publish","type":"page","link":"https:\/\/maisonafricaine.be\/fr\/activites\/agenda\/","title":{"rendered":"Agenda"},"content":{"rendered":"<p>&nbsp;<\/p>\n<p><a href=\"http:\/\/maisonafricaine.be\/fr\/wp-content\/uploads\/2014\/09\/ICRC.2016.11.22.jpg\"><img loading=\"lazy\" decoding=\"async\" class=\"alignleft wp-image-2417 size-large\" src=\"http:\/\/maisonafricaine.be\/fr\/wp-content\/uploads\/2014\/09\/ICRC.2016.11.22-723x1024.jpg\" alt=\"ICRC.2016.11.22\" width=\"723\" height=\"1024\" srcset=\"https:\/\/maisonafricaine.be\/fr\/wp-content\/uploads\/2014\/09\/ICRC.2016.11.22-723x1024.jpg 723w, https:\/\/maisonafricaine.be\/fr\/wp-content\/uploads\/2014\/09\/ICRC.2016.11.22-212x300.jpg 212w, https:\/\/maisonafricaine.be\/fr\/wp-content\/uploads\/2014\/09\/ICRC.2016.11.22-106x150.jpg 106w\" sizes=\"auto, (max-width: 723px) 100vw, 723px\" \/><\/a><\/p>\n<p>&nbsp;<\/p>\n<p>&nbsp;<\/p>\n<p>&nbsp;<\/p>\n<p>&nbsp;<\/p>\n<p>&nbsp;<\/p>\n<p>&nbsp;<\/p>\n<p><strong>17\/12\/2015 &#8211; La F\u00eate de No\u00ebl &#8211; Christmas Party<\/strong><\/p>\n<p><strong>03\/11\/2015 &#8211; 19h00 &#8211; Rencontrez un recruteur du CICR (International Committee of the Red Cross)\u00a0<\/strong>Le CICR est toujours en recherche des professionnels motiv\u00e9s \u00e0 participer \u00e0 ses efforts humanitaires \u00e0 travers le monde.<\/p>\n<p><strong>22\/10\/2015 &#8211; Soir\u00e9e de Bienvenue <\/strong>pour<strong>\u00a0<\/strong>les nouveaux arrivants<\/p>\n<p><strong>13\/08\/2015 &#8211; BBQ Party pour les r\u00e9sidents<\/strong><\/p>\n<p><strong>21\/04\/2015 &#8211; 20h &#8211; Rencontrer un recruteur du CICR &#8211; Meet a recruiter.<\/strong>\u00a0Le CICR est toujours en recherche des professionnels motiv\u00e9s \u00e0 participer \u00e0 ses efforts humanitaires \u00e0 travers le monde&#8230;<\/p>\n<h2><strong><span style=\"color: #1693a5;\">2014<\/span><\/strong><\/h2>\n<p><strong>18\/12<\/strong> &#8211; Maison Africaine, Salle Monique &#8211; <a href=\"http:\/\/maisonafricaine.be\/fr\/?p=1359\" target=\"_blank\">Soir\u00e9e Sp\u00e9ciale \u00ab\u00a0Repas de No\u00ebl\u00a0\u00bb<\/a><br \/>\n<strong>05\/12<\/strong> &#8211; Av. de la Science \u00e0 1040 Bxl &#8211; <a href=\"http:\/\/maisonafricaine.be\/fr\/?p=1338\" target=\"_blank\">World Growth Projects<\/a><br \/>\n<strong>04\/12<\/strong> &#8211; Maison Africaine, Salle Monique &#8211; <a href=\"http:\/\/maisonafricaine.be\/fr\/?p=1369\" target=\"_blank\">Soir\u00e9e CICR &#8211; ICRC Evening<\/a><\/p>\n","protected":false},"excerpt":{"rendered":"<p>&nbsp; &nbsp; &nbsp; &nbsp; &nbsp; &nbsp; &nbsp; 17\/12\/2015 &#8211; La F\u00eate de No\u00ebl &#8211; Christmas Party 03\/11\/2015 &#8211; 19h00 &#8211; Rencontrez un recruteur du CICR (International Committee of the Red Cross)\u00a0Le CICR est toujours en recherche des professionnels motiv\u00e9s \u00e0 participer \u00e0 ses efforts humanitaires \u00e0 travers le monde. 22\/10\/2015 [&hellip;]<\/p>\n","protected":false},"author":1,"featured_media":0,"parent":17,"menu_order":0,"comment_status":"closed","ping_status":"open","template":"","meta":{"footnotes":""},"class_list":["post-1343","page","type-page","status-publish","hentry"],"_links":{"self":[{"href":"https:\/\/maisonafricaine.be\/fr\/wp-json\/wp\/v2\/pages\/1343","targetHints":{"allow":["GET"]}}],"collection":[{"href":"https:\/\/maisonafricaine.be\/fr\/wp-json\/wp\/v2\/pages"}],"about":[{"href":"https:\/\/maisonafricaine.be\/fr\/wp-json\/wp\/v2\/types\/page"}],"author":[{"embeddable":true,"href":"https:\/\/maisonafricaine.be\/fr\/wp-json\/wp\/v2\/users\/1"}],"replies":[{"embeddable":true,"href":"https:\/\/maisonafricaine.be\/fr\/wp-json\/wp\/v2\/comments?post=1343"}],"version-history":[{"count":127,"href":"https:\/\/maisonafricaine.be\/fr\/wp-json\/wp\/v2\/pages\/1343\/revisions"}],"predecessor-version":[{"id":2423,"href":"https:\/\/maisonafricaine.be\/fr\/wp-json\/wp\/v2\/pages\/1343\/revisions\/2423"}],"up":[{"embeddable":true,"href":"https:\/\/maisonafricaine.be\/fr\/wp-json\/wp\/v2\/pages\/17"}],"wp:attachment":[{"href":"https:\/\/maisonafricaine.be\/fr\/wp-json\/wp\/v2\/media?parent=1343"}],"curies":[{"name":"wp","href":"https:\/\/api.w.org\/{rel}","templated":true}]}}